{"id":5631,"date":"2017-09-03T00:55:47","date_gmt":"2017-09-03T00:55:47","guid":{"rendered":"http:\/\/themenectar.com\/demo\/salient-business-2\/?page_id=5631"},"modified":"2019-09-24T13:28:16","modified_gmt":"2019-09-24T13:28:16","slug":"kontakt","status":"publish","type":"page","link":"http:\/\/dmp-legal.pl\/en\/kontakt\/","title":{"rendered":"Kontakt"},"content":{"rendered":"[vc_row type=&#8221;full_width_background&#8221; full_screen_row_position=&#8221;middle&#8221; scene_position=&#8221;center&#8221; text_color=&#8221;dark&#8221; text_align=&#8221;left&#8221; top_padding=&#8221;5%&#8221; bottom_padding=&#8221;14%&#8221; overlay_strength=&#8221;0.3&#8243; shape_divider_position=&#8221;bottom&#8221; shape_type=&#8221;&#8221;][vc_column column_padding=&#8221;padding-2-percent&#8221; column_padding_position=&#8221;right&#8221; background_color_opacity=&#8221;1&#8243; background_hover_color_opacity=&#8221;1&#8243; column_shadow=&#8221;none&#8221; column_border_radius=&#8221;none&#8221; width=&#8221;7\/12&#8243; tablet_text_alignment=&#8221;default&#8221; phone_text_alignment=&#8221;default&#8221; column_border_width=&#8221;none&#8221; column_border_style=&#8221;solid&#8221;][nectar_gmap zoom=&#8221;16&#8243; enable_zoom=&#8221;1&#8243; marker_style=&#8221;nectar&#8221; nectar_marker_color=&#8221;accent-color&#8221; size=&#8221;400&#8243; map_center_lat=&#8221;50.0326647&#8243; map_center_lng=&#8221;22.0325768&#8243; map_markers=&#8221;50.0326647|22.0325768|Nasz Kancelaria&#8221;][\/vc_column][vc_column column_padding=&#8221;padding-2-percent&#8221; column_padding_position=&#8221;all&#8221; background_color_opacity=&#8221;1&#8243; background_hover_color_opacity=&#8221;1&#8243; column_shadow=&#8221;none&#8221; column_border_radius=&#8221;none&#8221; bottom_margin=&#8221;30&#8243; width=&#8221;5\/12&#8243; tablet_text_alignment=&#8221;default&#8221; phone_text_alignment=&#8221;default&#8221; column_border_width=&#8221;none&#8221; column_border_style=&#8221;solid&#8221;][vc_column_text css=&#8221;.vc_custom_1569331585764{margin-bottom: 30px !important;}&#8221;]<strong><br \/>\nDMP-LEGAL<br \/>\nDobrowolska Mazur Pasternak<br \/>\nSp\u00f3\u0142ka Cywilna radc\u00f3w prawnych<\/strong><\/p>\n<p><strong>Rzesz\u00f3w Business Park<\/strong><br \/>\n<strong>Al.\u00a0Armii Krajowej 21 (III p.)<\/strong><br \/>\n<strong>35-307 Rzesz\u00f3w<\/strong>[\/vc_column_text][vc_column_text]Telefon:<br \/>\n<strong>+48 17 7411082<\/strong><\/p>\n<p>E-mail:<br \/>\n<strong>biuro@dmp-legal.pl<\/strong>[\/vc_column_text][vc_column_text][\/vc_column_text][\/vc_column][\/vc_row]","protected":false},"excerpt":{"rendered":"<p>[vc_row type=&#8221;full_width_background&#8221; full_screen_row_position=&#8221;middle&#8221; scene_position=&#8221;center&#8221; text_color=&#8221;dark&#8221; text_align=&#8221;left&#8221; top_padding=&#8221;5%&#8221; bottom_padding=&#8221;14%&#8221; overlay_strength=&#8221;0.3&#8243; shape_divider_position=&#8221;bottom&#8221; shape_type=&#8221;&#8221;][vc_column column_padding=&#8221;padding-2-percent&#8221; column_padding_position=&#8221;right&#8221; background_color_opacity=&#8221;1&#8243; background_hover_color_opacity=&#8221;1&#8243; column_shadow=&#8221;none&#8221; column_border_radius=&#8221;none&#8221; width=&#8221;7\/12&#8243; tablet_text_alignment=&#8221;default&#8221; phone_text_alignment=&#8221;default&#8221; column_border_width=&#8221;none&#8221; column_border_style=&#8221;solid&#8221;][nectar_gmap zoom=&#8221;16&#8243; enable_zoom=&#8221;1&#8243; marker_style=&#8221;nectar&#8221; nectar_marker_color=&#8221;accent-color&#8221; size=&#8221;400&#8243; map_center_lat=&#8221;50.0326647&#8243; map_center_lng=&#8221;22.0325768&#8243; map_markers=&#8221;50.0326647|22.0325768|Nasz Kancelaria&#8221;][\/vc_column][vc_column column_padding=&#8221;padding-2-percent&#8221; column_padding_position=&#8221;all&#8221; background_color_opacity=&#8221;1&#8243; background_hover_color_opacity=&#8221;1&#8243; column_shadow=&#8221;none&#8221; column_border_radius=&#8221;none&#8221; bottom_margin=&#8221;30&#8243; width=&#8221;5\/12&#8243; tablet_text_alignment=&#8221;default&#8221; phone_text_alignment=&#8221;default&#8221; column_border_width=&#8221;none&#8221; column_border_style=&#8221;solid&#8221;][vc_column_text css=&#8221;.vc_custom_1569331585764{margin-bottom: 30px !important;}&#8221;] DMP-LEGAL Dobrowolska Mazur Pasternak&#8230;<\/p>\n","protected":false},"author":1,"featured_media":0,"parent":0,"menu_order":0,"comment_status":"closed","ping_status":"closed","template":"","meta":{"footnotes":""},"class_list":["post-5631","page","type-page","status-publish","hentry"],"yoast_head":"<!-- This site is optimized with the Yoast SEO plugin v25.6 - https:\/\/yoast.com\/wordpress\/plugins\/seo\/ -->\n<title>Kontakt - DMP-LEGAL<\/title>\n<meta name=\"robots\" content=\"index, follow, max-snippet:-1, max-image-preview:large, max-video-preview:-1\" \/>\n<link rel=\"canonical\" href=\"http:\/\/dmp-legal.pl\/kontakt\/\" \/>\n<meta property=\"og:locale\" content=\"en_US\" \/>\n<meta property=\"og:type\" content=\"article\" \/>\n<meta property=\"og:title\" content=\"Kontakt - DMP-LEGAL\" \/>\n<meta property=\"og:description\" content=\"[vc_row type=&#8221;full_width_background&#8221; full_screen_row_position=&#8221;middle&#8221; scene_position=&#8221;center&#8221; text_color=&#8221;dark&#8221; text_align=&#8221;left&#8221; top_padding=&#8221;5%&#8221; bottom_padding=&#8221;14%&#8221; overlay_strength=&#8221;0.3&#8243; shape_divider_position=&#8221;bottom&#8221; shape_type=&#8221;&#8221;][vc_column column_padding=&#8221;padding-2-percent&#8221; column_padding_position=&#8221;right&#8221; background_color_opacity=&#8221;1&#8243; background_hover_color_opacity=&#8221;1&#8243; column_shadow=&#8221;none&#8221; column_border_radius=&#8221;none&#8221; width=&#8221;7\/12&#8243; tablet_text_alignment=&#8221;default&#8221; phone_text_alignment=&#8221;default&#8221; column_border_width=&#8221;none&#8221; column_border_style=&#8221;solid&#8221;][nectar_gmap zoom=&#8221;16&#8243; enable_zoom=&#8221;1&#8243; marker_style=&#8221;nectar&#8221; nectar_marker_color=&#8221;accent-color&#8221; size=&#8221;400&#8243; map_center_lat=&#8221;50.0326647&#8243; map_center_lng=&#8221;22.0325768&#8243; map_markers=&#8221;50.0326647|22.0325768|Nasz Kancelaria&#8221;][\/vc_column][vc_column column_padding=&#8221;padding-2-percent&#8221; column_padding_position=&#8221;all&#8221; background_color_opacity=&#8221;1&#8243; background_hover_color_opacity=&#8221;1&#8243; column_shadow=&#8221;none&#8221; column_border_radius=&#8221;none&#8221; bottom_margin=&#8221;30&#8243; width=&#8221;5\/12&#8243; tablet_text_alignment=&#8221;default&#8221; phone_text_alignment=&#8221;default&#8221; column_border_width=&#8221;none&#8221; column_border_style=&#8221;solid&#8221;][vc_column_text css=&#8221;.vc_custom_1569331585764{margin-bottom: 30px !important;}&#8221;] DMP-LEGAL Dobrowolska Mazur Pasternak...\" \/>\n<meta property=\"og:url\" content=\"http:\/\/dmp-legal.pl\/kontakt\/\" \/>\n<meta property=\"og:site_name\" content=\"DMP-LEGAL\" \/>\n<meta property=\"article:modified_time\" content=\"2019-09-24T13:28:16+00:00\" \/>\n<meta name=\"twitter:card\" content=\"summary_large_image\" \/>\n<meta name=\"twitter:label1\" content=\"Est. reading time\" \/>\n\t<meta name=\"twitter:data1\" content=\"2 minutes\" \/>\n<script type=\"application\/ld+json\" class=\"yoast-schema-graph\">{\"@context\":\"https:\/\/schema.org\",\"@graph\":[{\"@type\":\"WebPage\",\"@id\":\"http:\/\/dmp-legal.pl\/kontakt\/\",\"url\":\"http:\/\/dmp-legal.pl\/kontakt\/\",\"name\":\"Kontakt - DMP-LEGAL\",\"isPartOf\":{\"@id\":\"http:\/\/dmp-legal.pl\/#website\"},\"datePublished\":\"2017-09-03T00:55:47+00:00\",\"dateModified\":\"2019-09-24T13:28:16+00:00\",\"breadcrumb\":{\"@id\":\"http:\/\/dmp-legal.pl\/kontakt\/#breadcrumb\"},\"inLanguage\":\"en-US\",\"potentialAction\":[{\"@type\":\"ReadAction\",\"target\":[\"http:\/\/dmp-legal.pl\/kontakt\/\"]}]},{\"@type\":\"BreadcrumbList\",\"@id\":\"http:\/\/dmp-legal.pl\/kontakt\/#breadcrumb\",\"itemListElement\":[{\"@type\":\"ListItem\",\"position\":1,\"name\":\"Strona g\u0142\u00f3wna\",\"item\":\"http:\/\/dmp-legal.pl\/\"},{\"@type\":\"ListItem\",\"position\":2,\"name\":\"Kontakt\"}]},{\"@type\":\"WebSite\",\"@id\":\"http:\/\/dmp-legal.pl\/#website\",\"url\":\"http:\/\/dmp-legal.pl\/\",\"name\":\"DMP-LEGAL\",\"description\":\"Dobrowolska Mazur Pasternak s.c. radc\u00f3w prawnych\",\"potentialAction\":[{\"@type\":\"SearchAction\",\"target\":{\"@type\":\"EntryPoint\",\"urlTemplate\":\"http:\/\/dmp-legal.pl\/?s={search_term_string}\"},\"query-input\":{\"@type\":\"PropertyValueSpecification\",\"valueRequired\":true,\"valueName\":\"search_term_string\"}}],\"inLanguage\":\"en-US\"}]}<\/script>\n<!-- \/ Yoast SEO plugin. -->","yoast_head_json":{"title":"Kontakt - DMP-LEGAL","robots":{"index":"index","follow":"follow","max-snippet":"max-snippet:-1","max-image-preview":"max-image-preview:large","max-video-preview":"max-video-preview:-1"},"canonical":"http:\/\/dmp-legal.pl\/kontakt\/","og_locale":"en_US","og_type":"article","og_title":"Kontakt - DMP-LEGAL","og_description":"[vc_row type=&#8221;full_width_background&#8221; full_screen_row_position=&#8221;middle&#8221; scene_position=&#8221;center&#8221; text_color=&#8221;dark&#8221; text_align=&#8221;left&#8221; top_padding=&#8221;5%&#8221; bottom_padding=&#8221;14%&#8221; overlay_strength=&#8221;0.3&#8243; shape_divider_position=&#8221;bottom&#8221; shape_type=&#8221;&#8221;][vc_column column_padding=&#8221;padding-2-percent&#8221; column_padding_position=&#8221;right&#8221; background_color_opacity=&#8221;1&#8243; background_hover_color_opacity=&#8221;1&#8243; column_shadow=&#8221;none&#8221; column_border_radius=&#8221;none&#8221; width=&#8221;7\/12&#8243; tablet_text_alignment=&#8221;default&#8221; phone_text_alignment=&#8221;default&#8221; column_border_width=&#8221;none&#8221; column_border_style=&#8221;solid&#8221;][nectar_gmap zoom=&#8221;16&#8243; enable_zoom=&#8221;1&#8243; marker_style=&#8221;nectar&#8221; nectar_marker_color=&#8221;accent-color&#8221; size=&#8221;400&#8243; map_center_lat=&#8221;50.0326647&#8243; map_center_lng=&#8221;22.0325768&#8243; map_markers=&#8221;50.0326647|22.0325768|Nasz Kancelaria&#8221;][\/vc_column][vc_column column_padding=&#8221;padding-2-percent&#8221; column_padding_position=&#8221;all&#8221; background_color_opacity=&#8221;1&#8243; background_hover_color_opacity=&#8221;1&#8243; column_shadow=&#8221;none&#8221; column_border_radius=&#8221;none&#8221; bottom_margin=&#8221;30&#8243; width=&#8221;5\/12&#8243; tablet_text_alignment=&#8221;default&#8221; phone_text_alignment=&#8221;default&#8221; column_border_width=&#8221;none&#8221; column_border_style=&#8221;solid&#8221;][vc_column_text css=&#8221;.vc_custom_1569331585764{margin-bottom: 30px !important;}&#8221;] DMP-LEGAL Dobrowolska Mazur Pasternak...","og_url":"http:\/\/dmp-legal.pl\/kontakt\/","og_site_name":"DMP-LEGAL","article_modified_time":"2019-09-24T13:28:16+00:00","twitter_card":"summary_large_image","twitter_misc":{"Est. reading time":"2 minutes"},"schema":{"@context":"https:\/\/schema.org","@graph":[{"@type":"WebPage","@id":"http:\/\/dmp-legal.pl\/kontakt\/","url":"http:\/\/dmp-legal.pl\/kontakt\/","name":"Kontakt - DMP-LEGAL","isPartOf":{"@id":"http:\/\/dmp-legal.pl\/#website"},"datePublished":"2017-09-03T00:55:47+00:00","dateModified":"2019-09-24T13:28:16+00:00","breadcrumb":{"@id":"http:\/\/dmp-legal.pl\/kontakt\/#breadcrumb"},"inLanguage":"en-US","potentialAction":[{"@type":"ReadAction","target":["http:\/\/dmp-legal.pl\/kontakt\/"]}]},{"@type":"BreadcrumbList","@id":"http:\/\/dmp-legal.pl\/kontakt\/#breadcrumb","itemListElement":[{"@type":"ListItem","position":1,"name":"Strona g\u0142\u00f3wna","item":"http:\/\/dmp-legal.pl\/"},{"@type":"ListItem","position":2,"name":"Kontakt"}]},{"@type":"WebSite","@id":"http:\/\/dmp-legal.pl\/#website","url":"http:\/\/dmp-legal.pl\/","name":"DMP-LEGAL","description":"Dobrowolska Mazur Pasternak s.c. radc\u00f3w prawnych","potentialAction":[{"@type":"SearchAction","target":{"@type":"EntryPoint","urlTemplate":"http:\/\/dmp-legal.pl\/?s={search_term_string}"},"query-input":{"@type":"PropertyValueSpecification","valueRequired":true,"valueName":"search_term_string"}}],"inLanguage":"en-US"}]}},"_links":{"self":[{"href":"http:\/\/dmp-legal.pl\/en\/wp-json\/wp\/v2\/pages\/5631"}],"collection":[{"href":"http:\/\/dmp-legal.pl\/en\/wp-json\/wp\/v2\/pages"}],"about":[{"href":"http:\/\/dmp-legal.pl\/en\/wp-json\/wp\/v2\/types\/page"}],"author":[{"embeddable":true,"href":"http:\/\/dmp-legal.pl\/en\/wp-json\/wp\/v2\/users\/1"}],"replies":[{"embeddable":true,"href":"http:\/\/dmp-legal.pl\/en\/wp-json\/wp\/v2\/comments?post=5631"}],"version-history":[{"count":48,"href":"http:\/\/dmp-legal.pl\/en\/wp-json\/wp\/v2\/pages\/5631\/revisions"}],"predecessor-version":[{"id":9404,"href":"http:\/\/dmp-legal.pl\/en\/wp-json\/wp\/v2\/pages\/5631\/revisions\/9404"}],"wp:attachment":[{"href":"http:\/\/dmp-legal.pl\/en\/wp-json\/wp\/v2\/media?parent=5631"}],"curies":[{"name":"wp","href":"https:\/\/api.w.org\/{rel}","templated":true}]}}