{"id":2369,"date":"2014-10-02T22:30:53","date_gmt":"2014-10-02T22:30:53","guid":{"rendered":"https:\/\/themify.me\/demo\/themes\/flat\/?page_id=2369"},"modified":"2019-07-28T07:05:50","modified_gmt":"2019-07-28T07:05:50","slug":"home","status":"publish","type":"page","link":"https:\/\/dmp-legal.pl\/en\/","title":{"rendered":"DMP-LEGAL Dobrowolska Mazur Pasternak sp\u00f3\u0142ka cywilna radc\u00f3w prawnych"},"content":{"rendered":"[vc_row type=&#8221;in_container&#8221; full_screen_row_position=&#8221;middle&#8221; scene_position=&#8221;center&#8221; text_color=&#8221;dark&#8221; text_align=&#8221;left&#8221; overlay_strength=&#8221;0.3&#8243; shape_divider_position=&#8221;bottom&#8221;][vc_column centered_text=&#8221;true&#8221; column_padding=&#8221;padding-15-percent&#8221; column_padding_position=&#8221;all&#8221; background_color=&#8221;#c4c4c4&#8243; background_color_opacity=&#8221;1&#8243; background_hover_color_opacity=&#8221;1&#8243; column_shadow=&#8221;medium_depth&#8221; column_border_radius=&#8221;none&#8221; width=&#8221;1\/1&#8243; tablet_text_alignment=&#8221;default&#8221; phone_text_alignment=&#8221;default&#8221; column_border_width=&#8221;none&#8221; column_border_style=&#8221;solid&#8221;]<div style=\"height: 650px\" data-midnight=\"nectar-slider\" class=\"parallax_slider_outer \"><div style=\"height: 650px\"  data-transition=\"slide\" data-overall_style=\"classic\" data-flexible-height=\"true\" data-animate-in-effect=\"none\" data-fullscreen=\"false\" data-button-sizing=\"regular\" data-button-styling=\"btn_with_count\" data-autorotate=\"0\" data-parallax=\"true\" data-full-width=\"true\" class=\"nectar-slider-wrap \" id=\"ns-id-69dec163c7331\">\n\t\t\t<div style=\"height: 650px\" class=\"swiper-container\"  data-tho=\"auto\" data-tco=\"auto\" data-pho=\"auto\" data-pco=\"auto\" data-loop=\"false\" data-height=\"650\" data-min-height=\"400\" data-arrows=\"false\" data-bullets=\"false\" data-bullet_style=\"see_through\" data-desktop-swipe=\"true\" data-settings=\"\">\n\t\t\t\t    <div class=\"swiper-wrapper\"><div class=\"swiper-slide home\" data-bg-alignment=\"center\" data-color-scheme=\"light\" data-x-pos=\"centered\" data-y-pos=\"middle\"> \n\t\t\t\t\t\t\t\t<div class=\"image-bg\" style=\"background-image: url(https:\/\/newsite.dmp-legal.pl\/wp-content\/uploads\/2017\/12\/dsc_6969_37728796326_o-2.jpg);\"> &nbsp; <\/div><div class=\"container\">\n\t\t\t\t\t\t\t\t\t<div class=\"content\"><p  ><span><img decoding=\"async\" id=\"logo-nectar\" src=\"http:\/\/newsite.dmp-legal.pl\/wp-content\/uploads\/2018\/04\/logo-DMP-reverse-v2.png\" height=\"100px\"><\/span><\/p><div class=\"buttons\"><div class=\"button transparent\">\n\t\t\t\t\t\t\t\t\t\t\t\t \t\t <a class=\"primary-color\" href=\"http:\/\/dmp-legal.pl\/en\/specjalizacje\">Specializations<\/a>\n\t\t\t\t\t\t\t\t\t\t\t\t \t <\/div><div class=\"button solid_color_2\">\n\t\t\t\t\t\t\t\t\t\t\t\t \t\t <a class=\"primary-color\" href=\"http:\/\/dmp-legal.pl\/en\/partnerzy\/\">\u00a0\u00a0Partners\u00a0\u00a0<\/a>\n\t\t\t\t\t\t\t\t\t\t\t\t \t <\/div><\/div><\/div>\n\t\t\t\t\t\t\t\t<\/div><!--\/container--><div class=\"video-texture \"> <span class=\"ie-fix\"><\/span> <\/div><\/div><!--\/swiper-slide--><div class=\"swiper-slide\" data-bg-alignment=\"center\" data-color-scheme=\"light\" data-x-pos=\"left\" data-y-pos=\"middle\"> \n\t\t\t\t\t\t\t\t<div class=\"image-bg\" style=\"background-image: url(https:\/\/themenectar.com\/demo\/salient\/wp-content\/uploads\/2013\/09\/black-bg1.png);\"> &nbsp; <\/div><div class=\"container\">\n\t\t\t\t\t\t\t\t\t<div class=\"content\"><h2>This is Salient<\/h2><p  ><span>Your eyes are not playing tricks on you. <br\/>\nVideo backgrounds are natively supported  <br\/>\nin our exclusive & touch-friendly Nectar Slider. <\/span><\/p><div class=\"buttons\"><div class=\"button transparent\">\n\t\t\t\t\t\t\t\t\t\t\t\t \t\t <a class=\"primary-color\" href=\"#\">View More Features<\/a>\n\t\t\t\t\t\t\t\t\t\t\t\t \t <\/div><div class=\"button solid_color\">\n\t\t\t\t\t\t\t\t\t\t\t\t \t\t <a class=\"extra-color-2\" href=\"#\">Learn About Us<\/a>\n\t\t\t\t\t\t\t\t\t\t\t\t \t <\/div><\/div><\/div>\n\t\t\t\t\t\t\t\t<\/div><!--\/container--><a href=\"#\" class=\"slider-down-arrow\"><i class=\"icon-salient-down-arrow icon-default-style\"> <span class=\"ie-fix\"><\/span> <\/i><\/a><div class=\"video-texture \"> <span class=\"ie-fix\"><\/span> <\/div><\/div><!--\/swiper-slide--><div class=\"swiper-slide\" data-bg-alignment=\"center\" data-color-scheme=\"light\" data-x-pos=\"left\" data-y-pos=\"middle\"> \n\t\t\t\t\t\t\t\t<div class=\"image-bg\" style=\"background-image: url(https:\/\/themenectar.com\/demo\/salient\/wp-content\/uploads\/2013\/09\/social-app-1.jpg);\"> &nbsp; <\/div><div class=\"container\">\n\t\t\t\t\t\t\t\t\t<div class=\"content\"><h2>Keep In Touch<\/h2><p class=\"transparent-bg\" ><span>GeoWolf brings new possibilities <br\/> for staying connected with friends.<\/span><\/p><div class=\"buttons\"><div class=\"button solid_color\">\n\t\t\t\t\t\t\t\t\t\t\t\t \t\t <a class=\"primary-color\" href=\"#\">Dowiedz si\u0119 wi\u0119cej<\/a>\n\t\t\t\t\t\t\t\t\t\t\t\t \t <\/div><\/div><\/div>\n\t\t\t\t\t\t\t\t<\/div><!--\/container--><a href=\"#\" class=\"slider-down-arrow\"><i class=\"icon-salient-down-arrow icon-default-style\"> <span class=\"ie-fix\"><\/span> <\/i><\/a><div class=\"video-texture \"> <span class=\"ie-fix\"><\/span> <\/div><\/div><!--\/swiper-slide--><div class=\"swiper-slide\" data-bg-alignment=\"bottom\" data-color-scheme=\"light\" data-x-pos=\"centered\" data-y-pos=\"middle\"> \n\t\t\t\t\t\t\t\t<div class=\"image-bg\" style=\"background-image: url(https:\/\/themenectar.com\/demo\/salient\/wp-content\/uploads\/2013\/09\/black-bg1.png);\"> &nbsp; <\/div><div class=\"container\">\n\t\t\t\t\t\t\t\t\t<div class=\"content\"><p class=\"transparent-bg\" ><span><img decoding=\"async\" src=\"http:\/\/themenectar.com\/demo\/salient\/wp-content\/uploads\/2014\/01\/page-builder.png\" alt=\"page builder\"\/>\n\nThe New Amazing Nectar Page Builder<br\/>\nClick Anywhere To Discover More\n<\/span><\/p><\/div>\n\t\t\t\t\t\t\t\t<\/div><!--\/container--><a href=\"#\" class=\"slider-down-arrow\"><i class=\"icon-salient-down-arrow icon-default-style\"> <span class=\"ie-fix\"><\/span> <\/i><\/a><div class=\"video-texture \"> <span class=\"ie-fix\"><\/span> <\/div><a href=\"http:\/\/google.com\" class=\"entire-slide-link\"> <span class=\"ie-fix\"><\/span> <\/a><\/div><!--\/swiper-slide--><div class=\"swiper-slide\" data-bg-alignment=\"center\" data-color-scheme=\"light\" data-x-pos=\"right\" data-y-pos=\"middle\"> \n\t\t\t\t\t\t\t\t<div class=\"image-bg\" style=\"background-image: url(https:\/\/themenectar.com\/demo\/salient\/wp-content\/uploads\/2013\/09\/black-bg1.png);\"> &nbsp; <\/div><div class=\"container\">\n\t\t\t\t\t\t\t\t\t<div class=\"content\"><h2>Beautiful & Robust<\/h2><p  ><span>Loaded with exclusive and beautiful features, Salient allows you to build a website that will have your visitors drooling from the moment they enter.<\/span><\/p><\/div>\n\t\t\t\t\t\t\t\t<\/div><!--\/container--><a href=\"#\" class=\"slider-down-arrow\"><i class=\"icon-salient-down-arrow icon-default-style\"> <span class=\"ie-fix\"><\/span> <\/i><\/a><div class=\"video-texture \"> <span class=\"ie-fix\"><\/span> <\/div><\/div><!--\/swiper-slide--><\/div><div class=\"nectar-slider-loading \"> <span class=\"loading-icon none\">   <\/span> <\/div> <\/div> \n\t\t\t\t\n\t\t\t<\/div><\/div>[\/vc_column][\/vc_row][vc_row type=&#8221;full_width_content&#8221; full_screen_row_position=&#8221;middle&#8221; scene_position=&#8221;center&#8221; text_color=&#8221;light&#8221; text_align=&#8221;left&#8221; overlay_strength=&#8221;0.5&#8243; shape_divider_position=&#8221;bottom&#8221; shape_type=&#8221;&#8221;][vc_column column_padding=&#8221;no-extra-padding&#8221; column_padding_position=&#8221;all&#8221; background_color_opacity=&#8221;1&#8243; background_hover_color_opacity=&#8221;1&#8243; column_shadow=&#8221;none&#8221; column_border_radius=&#8221;none&#8221; width=&#8221;1\/1&#8243; tablet_text_alignment=&#8221;default&#8221; phone_text_alignment=&#8221;default&#8221; column_border_width=&#8221;none&#8221; column_border_style=&#8221;solid&#8221;][vc_row_inner equal_height=&#8221;yes&#8221; content_placement=&#8221;middle&#8221; column_margin=&#8221;default&#8221; text_align=&#8221;left&#8221;][vc_column_inner enable_animation=&#8221;true&#8221; animation=&#8221;flip-in-vertical&#8221; background_image=&#8221;8871&#8243; enable_bg_scale=&#8221;true&#8221; column_padding=&#8221;padding-7-percent&#8221; column_padding_position=&#8221;all&#8221; centered_text=&#8221;true&#8221; background_color=&#8221;#2ac4ea&#8221; background_color_opacity=&#8221;0.1&#8243; background_color_hover=&#8221;rgba(0,0,0,0.01)&#8221; background_hover_color_opacity=&#8221;0.7&#8243; column_shadow=&#8221;none&#8221; column_border_radius=&#8221;none&#8221; width=&#8221;1\/2&#8243; column_border_width=&#8221;none&#8221; column_border_style=&#8221;solid&#8221; column_link=&#8221;http:\/\/newsite.dmp-legal.pl\/specjalizacje\/#nk&#8221;]<div class=\"divider-wrap\"><div style=\"height: 75px;\" class=\"divider\"><\/div><\/div>[vc_custom_heading text=&#8221;Commercial real estate&#8221; font_container=&#8221;tag:h2|font_size:38|text_align:center|line_height:46px&#8221; use_theme_fonts=&#8221;yes&#8221; css_animation=&#8221;fadeInLeft&#8221; link=&#8221;url:http%3A%2F%2Fnewsite.dmp-legal.pl%2Fspecjalizacje%2F%23nk|||&#8221; css=&#8221;.vc_custom_1542808678891{padding-top: 20px !important;padding-bottom: 20px !important;background-color: rgba(0,0,0,0.44) !important;*background-color: rgb(0,0,0) !important;border-radius: 3px !important;}&#8221; el_class=&#8221;hmobile&#8221;]<div class=\"divider-wrap\"><div style=\"height: 75px;\" class=\"divider\"><\/div><\/div>[\/vc_column_inner][vc_column_inner enable_animation=&#8221;true&#8221; animation=&#8221;flip-in-vertical&#8221; background_image=&#8221;8812&#8243; enable_bg_scale=&#8221;true&#8221; column_padding=&#8221;padding-7-percent&#8221; column_padding_position=&#8221;all&#8221; centered_text=&#8221;true&#8221; background_color=&#8221;rgba(255,0,0,0.75)&#8221; background_color_opacity=&#8221;0.2&#8243; background_hover_color_opacity=&#8221;1&#8243; font_color=&#8221;#e2e2e2&#8243; column_shadow=&#8221;none&#8221; column_border_radius=&#8221;none&#8221; width=&#8221;1\/2&#8243; column_border_width=&#8221;none&#8221; column_border_style=&#8221;solid&#8221; column_link=&#8221;http:\/\/newsite.dmp-legal.pl\/specjalizacje\/#nm&#8221;]<div class=\"divider-wrap\"><div style=\"height: 75px;\" class=\"divider\"><\/div><\/div>[vc_custom_heading text=&#8221;Residential Real Estate&#8221; font_container=&#8221;tag:h2|font_size:38|text_align:center|line_height:46px&#8221; use_theme_fonts=&#8221;yes&#8221; css_animation=&#8221;fadeInRight&#8221; css=&#8221;.vc_custom_1542808689844{margin-top: -10px !important;padding-top: 20px !important;padding-right: 5px !important;padding-bottom: 20px !important;padding-left: 5px !important;background-color: rgba(0,0,0,0.5) !important;*background-color: rgb(0,0,0) !important;border-radius: 3px !important;}&#8221; link=&#8221;url:http%3A%2F%2Fnewsite.dmp-legal.pl%2Fspecjalizacje%2F%23nm|||&#8221; el_class=&#8221;hmobile&#8221;]<div class=\"divider-wrap\"><div style=\"height: 75px;\" class=\"divider\"><\/div><\/div>[\/vc_column_inner][\/vc_row_inner][vc_row_inner equal_height=&#8221;yes&#8221; content_placement=&#8221;middle&#8221; column_margin=&#8221;default&#8221; text_align=&#8221;left&#8221;][vc_column_inner enable_animation=&#8221;true&#8221; animation=&#8221;flip-in-vertical&#8221; background_image=&#8221;8857&#8243; enable_bg_scale=&#8221;true&#8221; column_padding=&#8221;padding-7-percent&#8221; column_padding_position=&#8221;all&#8221; centered_text=&#8221;true&#8221; background_color=&#8221;#e23c2d&#8221; background_color_opacity=&#8221;0.2&#8243; background_hover_color_opacity=&#8221;1&#8243; column_shadow=&#8221;none&#8221; column_border_radius=&#8221;none&#8221; width=&#8221;1\/2&#8243; column_border_width=&#8221;none&#8221; column_border_style=&#8221;solid&#8221;]<div class=\"divider-wrap\"><div style=\"height: 75px;\" class=\"divider\"><\/div><\/div>[vc_custom_heading text=&#8221;Compensations&#8221; font_container=&#8221;tag:h2|font_size:38|text_align:center&#8221; use_theme_fonts=&#8221;yes&#8221; css_animation=&#8221;fadeInLeft&#8221; link=&#8221;url:http%3A%2F%2Fnewsite.dmp-legal.pl%2Fspecjalizacje%2F%23od|||&#8221; css=&#8221;.vc_custom_1542808719444{padding-top: 20px !important;padding-bottom: 20px !important;background-color: rgba(0,0,0,0.49) !important;*background-color: rgb(0,0,0) !important;border-radius: 3px !important;}&#8221; el_class=&#8221;hmobile&#8221;]<div class=\"divider-wrap\"><div style=\"height: 75px;\" class=\"divider\"><\/div><\/div>[\/vc_column_inner][vc_column_inner enable_animation=&#8221;true&#8221; animation=&#8221;flip-in-vertical&#8221; background_image=&#8221;9279&#8243; enable_bg_scale=&#8221;true&#8221; column_padding=&#8221;padding-7-percent&#8221; column_padding_position=&#8221;all&#8221; centered_text=&#8221;true&#8221; background_color=&#8221;#ffffff&#8221; background_color_opacity=&#8221;0.1&#8243; background_hover_color_opacity=&#8221;0.1&#8243; font_color=&#8221;#e2e2e2&#8243; column_shadow=&#8221;none&#8221; column_border_radius=&#8221;none&#8221; width=&#8221;1\/2&#8243; column_border_width=&#8221;none&#8221; column_border_style=&#8221;solid&#8221;]<div class=\"divider-wrap\"><div style=\"height: 75px;\" class=\"divider\"><\/div><\/div>[vc_custom_heading text=&#8221;Corporate Law (Mergers and Acquisitions)&#8221; font_container=&#8221;tag:h2|font_size:38|text_align:center|color:%23ffffff|line_height:46px&#8221; use_theme_fonts=&#8221;yes&#8221; css_animation=&#8221;fadeInRight&#8221; css=&#8221;.vc_custom_1542808738782{margin-top: -10px !important;padding-top: 20px !important;padding-bottom: 20px !important;background-color: rgba(0,0,0,0.49) !important;*background-color: rgb(0,0,0) !important;border-radius: 3px !important;}&#8221; link=&#8221;url:http%3A%2F%2Fnewsite.dmp-legal.pl%2Fspecjalizacje%2F%23ma|||&#8221; el_class=&#8221;hmobile&#8221;]<div class=\"divider-wrap\"><div style=\"height: 75px;\" class=\"divider\"><\/div><\/div>[\/vc_column_inner][\/vc_row_inner][\/vc_column][\/vc_row][vc_row type=&#8221;full_width_content&#8221; full_screen_row_position=&#8221;middle&#8221; scene_position=&#8221;center&#8221; text_color=&#8221;dark&#8221; text_align=&#8221;left&#8221; overlay_strength=&#8221;0.3&#8243; shape_divider_position=&#8221;bottom&#8221; shape_type=&#8221;&#8221;][vc_column column_padding=&#8221;no-extra-padding&#8221; column_padding_position=&#8221;all&#8221; background_color_opacity=&#8221;1&#8243; background_hover_color_opacity=&#8221;1&#8243; column_shadow=&#8221;none&#8221; column_border_radius=&#8221;none&#8221; width=&#8221;1\/1&#8243; tablet_text_alignment=&#8221;default&#8221; phone_text_alignment=&#8221;default&#8221; column_border_width=&#8221;none&#8221; column_border_style=&#8221;solid&#8221;][nectar_gmap zoom=&#8221;14&#8243; enable_zoom=&#8221;1&#8243; marker_style=&#8221;nectar&#8221; nectar_marker_color=&#8221;accent-color&#8221; size=&#8221;300&#8243; map_center_lat=&#8221;50.0346473&#8243; map_center_lng=&#8221;22.0039951&#8243; map_markers=&#8221;50.0346473|22.0039951|Siedziba Kancelarii&#8221;][\/vc_column][\/vc_row]","protected":false},"excerpt":{"rendered":"<p>[vc_row type=&#8221;in_container&#8221; full_screen_row_position=&#8221;middle&#8221; scene_position=&#8221;center&#8221; text_color=&#8221;dark&#8221; text_align=&#8221;left&#8221; overlay_strength=&#8221;0.3&#8243; shape_divider_position=&#8221;bottom&#8221;][vc_column centered_text=&#8221;true&#8221; column_padding=&#8221;padding-15-percent&#8221; column_padding_position=&#8221;all&#8221; background_color=&#8221;#c4c4c4&#8243; background_color_opacity=&#8221;1&#8243; background_hover_color_opacity=&#8221;1&#8243; column_shadow=&#8221;medium_depth&#8221; column_border_radius=&#8221;none&#8221; width=&#8221;1\/1&#8243; tablet_text_alignment=&#8221;default&#8221; phone_text_alignment=&#8221;default&#8221; column_border_width=&#8221;none&#8221; column_border_style=&#8221;solid&#8221;][\/vc_column][\/vc_row][vc_row type=&#8221;full_width_content&#8221; full_screen_row_position=&#8221;middle&#8221; scene_position=&#8221;center&#8221; text_color=&#8221;light&#8221; text_align=&#8221;left&#8221; overlay_strength=&#8221;0.5&#8243; shape_divider_position=&#8221;bottom&#8221; shape_type=&#8221;&#8221;][vc_column column_padding=&#8221;no-extra-padding&#8221; column_padding_position=&#8221;all&#8221; background_color_opacity=&#8221;1&#8243; background_hover_color_opacity=&#8221;1&#8243; column_shadow=&#8221;none&#8221; column_border_radius=&#8221;none&#8221; width=&#8221;1\/1&#8243; tablet_text_alignment=&#8221;default&#8221; phone_text_alignment=&#8221;default&#8221; column_border_width=&#8221;none&#8221; column_border_style=&#8221;solid&#8221;][vc_row_inner equal_height=&#8221;yes&#8221; content_placement=&#8221;middle&#8221; column_margin=&#8221;default&#8221; text_align=&#8221;left&#8221;][vc_column_inner enable_animation=&#8221;true&#8221; animation=&#8221;flip-in-vertical&#8221; background_image=&#8221;8871&#8243; enable_bg_scale=&#8221;true&#8221; column_padding=&#8221;padding-7-percent&#8221; column_padding_position=&#8221;all&#8221;&#8230;<\/p>\n","protected":false},"author":1,"featured_media":0,"parent":0,"menu_order":0,"comment_status":"closed","ping_status":"closed","template":"","meta":{"footnotes":""},"class_list":["post-2369","page","type-page","status-publish","hentry"],"yoast_head":"<!-- This site is optimized with the Yoast SEO plugin v25.6 - https:\/\/yoast.com\/wordpress\/plugins\/seo\/ -->\n<title>DMP-LEGAL Dobrowolska Mazur Pasternak sp\u00f3\u0142ka cywilna radc\u00f3w prawnych - DMP-LEGAL<\/title>\n<meta name=\"robots\" content=\"index, follow, max-snippet:-1, max-image-preview:large, max-video-preview:-1\" \/>\n<link rel=\"canonical\" href=\"http:\/\/dmp-legal.pl\/\" \/>\n<meta property=\"og:locale\" content=\"en_US\" \/>\n<meta property=\"og:type\" content=\"article\" \/>\n<meta property=\"og:title\" content=\"DMP-LEGAL Dobrowolska Mazur Pasternak sp\u00f3\u0142ka cywilna radc\u00f3w prawnych - DMP-LEGAL\" \/>\n<meta property=\"og:description\" content=\"[vc_row type=&#8221;in_container&#8221; full_screen_row_position=&#8221;middle&#8221; scene_position=&#8221;center&#8221; text_color=&#8221;dark&#8221; text_align=&#8221;left&#8221; overlay_strength=&#8221;0.3&#8243; shape_divider_position=&#8221;bottom&#8221;][vc_column centered_text=&#8221;true&#8221; column_padding=&#8221;padding-15-percent&#8221; column_padding_position=&#8221;all&#8221; background_color=&#8221;#c4c4c4&#8243; background_color_opacity=&#8221;1&#8243; background_hover_color_opacity=&#8221;1&#8243; column_shadow=&#8221;medium_depth&#8221; column_border_radius=&#8221;none&#8221; width=&#8221;1\/1&#8243; tablet_text_alignment=&#8221;default&#8221; phone_text_alignment=&#8221;default&#8221; column_border_width=&#8221;none&#8221; column_border_style=&#8221;solid&#8221;][\/vc_column][\/vc_row][vc_row type=&#8221;full_width_content&#8221; full_screen_row_position=&#8221;middle&#8221; scene_position=&#8221;center&#8221; text_color=&#8221;light&#8221; text_align=&#8221;left&#8221; overlay_strength=&#8221;0.5&#8243; shape_divider_position=&#8221;bottom&#8221; shape_type=&#8221;&#8221;][vc_column column_padding=&#8221;no-extra-padding&#8221; column_padding_position=&#8221;all&#8221; background_color_opacity=&#8221;1&#8243; background_hover_color_opacity=&#8221;1&#8243; column_shadow=&#8221;none&#8221; column_border_radius=&#8221;none&#8221; width=&#8221;1\/1&#8243; tablet_text_alignment=&#8221;default&#8221; phone_text_alignment=&#8221;default&#8221; column_border_width=&#8221;none&#8221; column_border_style=&#8221;solid&#8221;][vc_row_inner equal_height=&#8221;yes&#8221; content_placement=&#8221;middle&#8221; column_margin=&#8221;default&#8221; text_align=&#8221;left&#8221;][vc_column_inner enable_animation=&#8221;true&#8221; animation=&#8221;flip-in-vertical&#8221; background_image=&#8221;8871&#8243; enable_bg_scale=&#8221;true&#8221; column_padding=&#8221;padding-7-percent&#8221; column_padding_position=&#8221;all&#8221;...\" \/>\n<meta property=\"og:url\" content=\"http:\/\/dmp-legal.pl\/\" \/>\n<meta property=\"og:site_name\" content=\"DMP-LEGAL\" \/>\n<meta property=\"article:modified_time\" content=\"2019-07-28T07:05:50+00:00\" \/>\n<meta name=\"twitter:card\" content=\"summary_large_image\" \/>\n<meta name=\"twitter:label1\" content=\"Est. reading time\" \/>\n\t<meta name=\"twitter:data1\" content=\"9 minutes\" \/>\n<script type=\"application\/ld+json\" class=\"yoast-schema-graph\">{\"@context\":\"https:\/\/schema.org\",\"@graph\":[{\"@type\":\"WebPage\",\"@id\":\"http:\/\/dmp-legal.pl\/\",\"url\":\"http:\/\/dmp-legal.pl\/\",\"name\":\"DMP-LEGAL Dobrowolska Mazur Pasternak sp\u00f3\u0142ka cywilna radc\u00f3w prawnych - DMP-LEGAL\",\"isPartOf\":{\"@id\":\"http:\/\/dmp-legal.pl\/#website\"},\"datePublished\":\"2014-10-02T22:30:53+00:00\",\"dateModified\":\"2019-07-28T07:05:50+00:00\",\"breadcrumb\":{\"@id\":\"http:\/\/dmp-legal.pl\/#breadcrumb\"},\"inLanguage\":\"en-US\",\"potentialAction\":[{\"@type\":\"ReadAction\",\"target\":[\"http:\/\/dmp-legal.pl\/\"]}]},{\"@type\":\"BreadcrumbList\",\"@id\":\"http:\/\/dmp-legal.pl\/#breadcrumb\",\"itemListElement\":[{\"@type\":\"ListItem\",\"position\":1,\"name\":\"Strona g\u0142\u00f3wna\",\"item\":\"http:\/\/dmp-legal.pl\/\"},{\"@type\":\"ListItem\",\"position\":2,\"name\":\"DMP-LEGAL Dobrowolska Mazur Pasternak sp\u00f3\u0142ka cywilna radc\u00f3w prawnych\"}]},{\"@type\":\"WebSite\",\"@id\":\"http:\/\/dmp-legal.pl\/#website\",\"url\":\"http:\/\/dmp-legal.pl\/\",\"name\":\"DMP-LEGAL\",\"description\":\"Dobrowolska Mazur Pasternak s.c. radc\u00f3w prawnych\",\"potentialAction\":[{\"@type\":\"SearchAction\",\"target\":{\"@type\":\"EntryPoint\",\"urlTemplate\":\"http:\/\/dmp-legal.pl\/?s={search_term_string}\"},\"query-input\":{\"@type\":\"PropertyValueSpecification\",\"valueRequired\":true,\"valueName\":\"search_term_string\"}}],\"inLanguage\":\"en-US\"}]}<\/script>\n<!-- \/ Yoast SEO plugin. -->","yoast_head_json":{"title":"DMP-LEGAL Dobrowolska Mazur Pasternak sp\u00f3\u0142ka cywilna radc\u00f3w prawnych - DMP-LEGAL","robots":{"index":"index","follow":"follow","max-snippet":"max-snippet:-1","max-image-preview":"max-image-preview:large","max-video-preview":"max-video-preview:-1"},"canonical":"http:\/\/dmp-legal.pl\/","og_locale":"en_US","og_type":"article","og_title":"DMP-LEGAL Dobrowolska Mazur Pasternak sp\u00f3\u0142ka cywilna radc\u00f3w prawnych - DMP-LEGAL","og_description":"[vc_row type=&#8221;in_container&#8221; full_screen_row_position=&#8221;middle&#8221; scene_position=&#8221;center&#8221; text_color=&#8221;dark&#8221; text_align=&#8221;left&#8221; overlay_strength=&#8221;0.3&#8243; shape_divider_position=&#8221;bottom&#8221;][vc_column centered_text=&#8221;true&#8221; column_padding=&#8221;padding-15-percent&#8221; column_padding_position=&#8221;all&#8221; background_color=&#8221;#c4c4c4&#8243; background_color_opacity=&#8221;1&#8243; background_hover_color_opacity=&#8221;1&#8243; column_shadow=&#8221;medium_depth&#8221; column_border_radius=&#8221;none&#8221; width=&#8221;1\/1&#8243; tablet_text_alignment=&#8221;default&#8221; phone_text_alignment=&#8221;default&#8221; column_border_width=&#8221;none&#8221; column_border_style=&#8221;solid&#8221;][\/vc_column][\/vc_row][vc_row type=&#8221;full_width_content&#8221; full_screen_row_position=&#8221;middle&#8221; scene_position=&#8221;center&#8221; text_color=&#8221;light&#8221; text_align=&#8221;left&#8221; overlay_strength=&#8221;0.5&#8243; shape_divider_position=&#8221;bottom&#8221; shape_type=&#8221;&#8221;][vc_column column_padding=&#8221;no-extra-padding&#8221; column_padding_position=&#8221;all&#8221; background_color_opacity=&#8221;1&#8243; background_hover_color_opacity=&#8221;1&#8243; column_shadow=&#8221;none&#8221; column_border_radius=&#8221;none&#8221; width=&#8221;1\/1&#8243; tablet_text_alignment=&#8221;default&#8221; phone_text_alignment=&#8221;default&#8221; column_border_width=&#8221;none&#8221; column_border_style=&#8221;solid&#8221;][vc_row_inner equal_height=&#8221;yes&#8221; content_placement=&#8221;middle&#8221; column_margin=&#8221;default&#8221; text_align=&#8221;left&#8221;][vc_column_inner enable_animation=&#8221;true&#8221; animation=&#8221;flip-in-vertical&#8221; background_image=&#8221;8871&#8243; enable_bg_scale=&#8221;true&#8221; column_padding=&#8221;padding-7-percent&#8221; column_padding_position=&#8221;all&#8221;...","og_url":"http:\/\/dmp-legal.pl\/","og_site_name":"DMP-LEGAL","article_modified_time":"2019-07-28T07:05:50+00:00","twitter_card":"summary_large_image","twitter_misc":{"Est. reading time":"9 minutes"},"schema":{"@context":"https:\/\/schema.org","@graph":[{"@type":"WebPage","@id":"http:\/\/dmp-legal.pl\/","url":"http:\/\/dmp-legal.pl\/","name":"DMP-LEGAL Dobrowolska Mazur Pasternak sp\u00f3\u0142ka cywilna radc\u00f3w prawnych - DMP-LEGAL","isPartOf":{"@id":"http:\/\/dmp-legal.pl\/#website"},"datePublished":"2014-10-02T22:30:53+00:00","dateModified":"2019-07-28T07:05:50+00:00","breadcrumb":{"@id":"http:\/\/dmp-legal.pl\/#breadcrumb"},"inLanguage":"en-US","potentialAction":[{"@type":"ReadAction","target":["http:\/\/dmp-legal.pl\/"]}]},{"@type":"BreadcrumbList","@id":"http:\/\/dmp-legal.pl\/#breadcrumb","itemListElement":[{"@type":"ListItem","position":1,"name":"Strona g\u0142\u00f3wna","item":"http:\/\/dmp-legal.pl\/"},{"@type":"ListItem","position":2,"name":"DMP-LEGAL Dobrowolska Mazur Pasternak sp\u00f3\u0142ka cywilna radc\u00f3w prawnych"}]},{"@type":"WebSite","@id":"http:\/\/dmp-legal.pl\/#website","url":"http:\/\/dmp-legal.pl\/","name":"DMP-LEGAL","description":"Dobrowolska Mazur Pasternak s.c. radc\u00f3w prawnych","potentialAction":[{"@type":"SearchAction","target":{"@type":"EntryPoint","urlTemplate":"http:\/\/dmp-legal.pl\/?s={search_term_string}"},"query-input":{"@type":"PropertyValueSpecification","valueRequired":true,"valueName":"search_term_string"}}],"inLanguage":"en-US"}]}},"_links":{"self":[{"href":"https:\/\/dmp-legal.pl\/en\/wp-json\/wp\/v2\/pages\/2369"}],"collection":[{"href":"https:\/\/dmp-legal.pl\/en\/wp-json\/wp\/v2\/pages"}],"about":[{"href":"https:\/\/dmp-legal.pl\/en\/wp-json\/wp\/v2\/types\/page"}],"author":[{"embeddable":true,"href":"https:\/\/dmp-legal.pl\/en\/wp-json\/wp\/v2\/users\/1"}],"replies":[{"embeddable":true,"href":"https:\/\/dmp-legal.pl\/en\/wp-json\/wp\/v2\/comments?post=2369"}],"version-history":[{"count":309,"href":"https:\/\/dmp-legal.pl\/en\/wp-json\/wp\/v2\/pages\/2369\/revisions"}],"predecessor-version":[{"id":9394,"href":"https:\/\/dmp-legal.pl\/en\/wp-json\/wp\/v2\/pages\/2369\/revisions\/9394"}],"wp:attachment":[{"href":"https:\/\/dmp-legal.pl\/en\/wp-json\/wp\/v2\/media?parent=2369"}],"curies":[{"name":"wp","href":"https:\/\/api.w.org\/{rel}","templated":true}]}}