{"id":6231,"date":"2017-02-07T15:22:36","date_gmt":"2017-02-07T15:22:36","guid":{"rendered":"http:\/\/themenectar.com\/demo\/salient-startup\/?page_id=13"},"modified":"2018-04-20T06:44:53","modified_gmt":"2018-04-20T06:44:53","slug":"news","status":"publish","type":"page","link":"https:\/\/dmp-legal.pl\/en\/news\/","title":{"rendered":"Aktualno\u015bci"},"content":{"rendered":"[vc_row type=&#8221;in_container&#8221; full_screen_row_position=&#8221;middle&#8221; scene_position=&#8221;center&#8221; text_color=&#8221;dark&#8221; text_align=&#8221;left&#8221; overlay_strength=&#8221;0.3&#8243; shape_divider_position=&#8221;bottom&#8221;][vc_column column_padding=&#8221;no-extra-padding&#8221; column_padding_position=&#8221;all&#8221; background_color_opacity=&#8221;1&#8243; background_hover_color_opacity=&#8221;1&#8243; column_shadow=&#8221;none&#8221; column_border_radius=&#8221;none&#8221; width=&#8221;1\/1&#8243; tablet_text_alignment=&#8221;default&#8221; phone_text_alignment=&#8221;default&#8221; column_border_width=&#8221;none&#8221; column_border_style=&#8221;solid&#8221;]<div class=\"divider-wrap\"><div style=\"margin-top: 25px; height: 1px; margin-bottom: 25px;\" data-width=\"100%\" data-animate=\"\" data-animation-delay=\"\" data-color=\"default\" class=\"divider-border\"><\/div><\/div>\t\r\n\t<div class=\"row\">\r\n\t\r\n\t <div class=\"post-area col  span_12 col_last    infinite_scroll \" data-ams=\"\"> <div class=\"posts-container\" data-load-animation=\"fade_in_from_bottom\">\t\t\t\t\r\n\t\t\t\t\n<article id=\"post-9389\" class=\"regular post-9389 post type-post status-publish format-standard hentry category-uncategorized\">\n\n\t<div class=\"inner-wrap animated\">\n\n\t\t<div class=\"post-content\">\n\t\t\t\n\t\t\t\t\t\t\t\n\t\t\t\t\t\t\t\t\n\t\t\t\t\t\t\t\t\t\n\t\t\t\t<div class=\"post-meta no-img\">\n\n\t\t\t\t\t\n\t\t\t\t\t<div class=\"date\">\n\t\t\t\t\t\t\n\t\t\t\t\t\t\t\t<span class=\"month\">Jul<\/span>\n\t\t\t\t\t\t\t\t<span class=\"day\">01<\/span>\n\t\t\t\t\t\t\t\t<span class=\"year\">2019<\/span>\t\t\t\t\t\t\n\t\t\t\t\t<\/div><!--\/date-->\n\t\t\t\t\t\n\t\t\t\t\t\n\t\t\t\t\t \n\n\t\t\t\t\t\t\t\t\t\t\n\t\t\t\t\t <\/div><!--\/post-meta-->\n\t\t\t\t\t \n\t\t\t\t\t\t\t\t\n\t\t\t\t\t\t\n\t\t\t\n\n\t\t\t\n\t\t\t\t<div class=\"content-inner\">\n\t\t\t\t\t\n\t\t\t\t\t\t\t\t\t\t\n\t\t\t\t\t\t\t\t\t\t\t\n\t\t\t\t\t\t\n\t\t\t\t\t\t\t\n\t\t\t\t\t\t\n\t\t\t\t\t\t<div class=\"article-content-wrap\">\n\t\t\t\t\t\t\t\n\t\t\t\t\t\t\t\t\t\t\t\t\t\t\t\t\t\t\n\t\t\t\t\t\t\t<div class=\"post-header\">\n\t\t\t\t\t\t\t\t\t\n\t\t\t\t\t\t\t\t<h2 class=\"title\">\n\t\t\t\t\t\t\t\t\t \n\t\t\t\t\t\t\t\t\t\t<a href=\"https:\/\/dmp-legal.pl\/en\/2019\/07\/01\/zmiana-lokalizacji\/\">\t\t\t\t\t\t\t\t\t\t\t(Polski) Zmiana lokalizacji biura DMP-LEGAL\t\t\t\t\t\t\t\t\t\t <\/a> \n\t\t\t\t\t\t\t\t\t\t\t\t\t\t\t\t\t<\/h2>\n\n\t\t\t\t\t\t\t\t \n\n\t\t\t\t\t\t\t\t\n\t\t\t\t\t\t\t\t\t\n\t\t\t\t\t\t\t\t\t\t\t\t\t\t\t<\/div><!--\/post-header-->\n\t\t\t\t\t\t<div class=\"excerpt\"><p>Z duma i rado\u015bci\u0105 zawiadamiamy o zmianie lokalizacji biura DMP-LEGAL. Od 1 lipca 2019 r. Zapraszamy w nowej ods\u0142onie do naszej nowej siedziby w Rzeszowie przy Al. Armii Krajowej 21, w budynku Rzesz\u00f3w Business Park. Numery telefon\u00f3w i e-mail pozostaj\u0105 bez zmian.<\/p>\n<\/div><a class=\"more-link\" href=\"https:\/\/dmp-legal.pl\/en\/2019\/07\/01\/zmiana-lokalizacji\/\"><span class=\"continue-reading\">Czytaj wi\u0119cej<\/span><\/a>\t\t\t\t\t\t\t\n\t\t\t\t\t\t<\/div><!--article-content-wrap-->\n\n\t\t\t\t\t\t\t\t\t\t\n\t\t\t\t   \n\t\t\t\t\t\t\t\t\t\t\n\t\t\t\t\t\t\t\t\t\t\t\n\t\t\t\t<\/div><!--\/content-inner-->\n\n\t\t\t\t\t\t\n\t\t<\/div><!--\/post-content-->\n\n\t<\/div><!--\/inner-wrap-->\n\t\t\n<\/article><!--\/article-->\r\n\t\t\t\t\t\t\t\r\n\t\t\t\t\n<article id=\"post-9362\" class=\"regular post-9362 post type-post status-publish format-standard hentry category-uncategorized\">\n\n\t<div class=\"inner-wrap animated\">\n\n\t\t<div class=\"post-content\">\n\t\t\t\n\t\t\t\t\t\t\t\n\t\t\t\t\t\t\t\t\n\t\t\t\t\t\t\t\t\t\n\t\t\t\t<div class=\"post-meta no-img\">\n\n\t\t\t\t\t\n\t\t\t\t\t<div class=\"date\">\n\t\t\t\t\t\t\n\t\t\t\t\t\t\t\t<span class=\"month\">Aug<\/span>\n\t\t\t\t\t\t\t\t<span class=\"day\">27<\/span>\n\t\t\t\t\t\t\t\t<span class=\"year\">2018<\/span>\t\t\t\t\t\t\n\t\t\t\t\t<\/div><!--\/date-->\n\t\t\t\t\t\n\t\t\t\t\t\n\t\t\t\t\t \n\n\t\t\t\t\t\t\t\t\t\t\n\t\t\t\t\t <\/div><!--\/post-meta-->\n\t\t\t\t\t \n\t\t\t\t\t\t\t\t\n\t\t\t\t\t\t\n\t\t\t\n\n\t\t\t\n\t\t\t\t<div class=\"content-inner\">\n\t\t\t\t\t\n\t\t\t\t\t\t\t\t\t\t\n\t\t\t\t\t\t\t\t\t\t\t\n\t\t\t\t\t\t\n\t\t\t\t\t\t\t\n\t\t\t\t\t\t\n\t\t\t\t\t\t<div class=\"article-content-wrap\">\n\t\t\t\t\t\t\t\n\t\t\t\t\t\t\t\t\t\t\t\t\t\t\t\t\t\t\n\t\t\t\t\t\t\t<div class=\"post-header\">\n\t\t\t\t\t\t\t\t\t\n\t\t\t\t\t\t\t\t<h2 class=\"title\">\n\t\t\t\t\t\t\t\t\t \n\t\t\t\t\t\t\t\t\t\t<a href=\"https:\/\/dmp-legal.pl\/en\/2018\/08\/27\/dmp-legal-w-nowej-odslonie\/\">\t\t\t\t\t\t\t\t\t\t\tDMP-LEGAL w nowej ods\u0142onie\t\t\t\t\t\t\t\t\t\t <\/a> \n\t\t\t\t\t\t\t\t\t\t\t\t\t\t\t\t\t<\/h2>\n\n\t\t\t\t\t\t\t\t \n\n\t\t\t\t\t\t\t\t\n\t\t\t\t\t\t\t\t\t\n\t\t\t\t\t\t\t\t\t\t\t\t\t\t\t<\/div><!--\/post-header-->\n\t\t\t\t\t\t<div class=\"excerpt\"><p>Koniec wakacji, a my nie zwalniamy tempa. Nasza strona internetowa w nowej ods\u0142onie. Zapraszamy do jej odwiedzenia.<\/p>\n<\/div><a class=\"more-link\" href=\"https:\/\/dmp-legal.pl\/en\/2018\/08\/27\/dmp-legal-w-nowej-odslonie\/\"><span class=\"continue-reading\">Czytaj wi\u0119cej<\/span><\/a>\t\t\t\t\t\t\t\n\t\t\t\t\t\t<\/div><!--article-content-wrap-->\n\n\t\t\t\t\t\t\t\t\t\t\n\t\t\t\t   \n\t\t\t\t\t\t\t\t\t\t\n\t\t\t\t\t\t\t\t\t\t\t\n\t\t\t\t<\/div><!--\/content-inner-->\n\n\t\t\t\t\t\t\n\t\t<\/div><!--\/post-content-->\n\n\t<\/div><!--\/inner-wrap-->\n\t\t\n<\/article><!--\/article-->\r\n\t\t\t\t\t\t\t\r\n\t\t\t\t\n<article id=\"post-9337\" class=\"regular post-9337 post type-post status-publish format-standard hentry category-uncategorized\">\n\n\t<div class=\"inner-wrap animated\">\n\n\t\t<div class=\"post-content\">\n\t\t\t\n\t\t\t\t\t\t\t\n\t\t\t\t\t\t\t\t\n\t\t\t\t\t\t\t\t\t\n\t\t\t\t<div class=\"post-meta no-img\">\n\n\t\t\t\t\t\n\t\t\t\t\t<div class=\"date\">\n\t\t\t\t\t\t\n\t\t\t\t\t\t\t\t<span class=\"month\">Aug<\/span>\n\t\t\t\t\t\t\t\t<span class=\"day\">03<\/span>\n\t\t\t\t\t\t\t\t<span class=\"year\">2018<\/span>\t\t\t\t\t\t\n\t\t\t\t\t<\/div><!--\/date-->\n\t\t\t\t\t\n\t\t\t\t\t\n\t\t\t\t\t \n\n\t\t\t\t\t\t\t\t\t\t\n\t\t\t\t\t <\/div><!--\/post-meta-->\n\t\t\t\t\t \n\t\t\t\t\t\t\t\t\n\t\t\t\t\t\t\n\t\t\t\n\n\t\t\t\n\t\t\t\t<div class=\"content-inner\">\n\t\t\t\t\t\n\t\t\t\t\t\t\t\t\t\t\n\t\t\t\t\t\t\t\t\t\t\t\n\t\t\t\t\t\t\n\t\t\t\t\t\t\t\n\t\t\t\t\t\t\n\t\t\t\t\t\t<div class=\"article-content-wrap\">\n\t\t\t\t\t\t\t\n\t\t\t\t\t\t\t\t\t\t\t\t\t\t\t\t\t\t\n\t\t\t\t\t\t\t<div class=\"post-header\">\n\t\t\t\t\t\t\t\t\t\n\t\t\t\t\t\t\t\t<h2 class=\"title\">\n\t\t\t\t\t\t\t\t\t \n\t\t\t\t\t\t\t\t\t\t<a href=\"https:\/\/dmp-legal.pl\/en\/2018\/08\/03\/specustwa-mieszkaniowa-podpisana\/\">\t\t\t\t\t\t\t\t\t\t\tSPECUSTWA MIESZKANIOWA PODPISANA!\t\t\t\t\t\t\t\t\t\t <\/a> \n\t\t\t\t\t\t\t\t\t\t\t\t\t\t\t\t\t<\/h2>\n\n\t\t\t\t\t\t\t\t \n\n\t\t\t\t\t\t\t\t\n\t\t\t\t\t\t\t\t\t\n\t\t\t\t\t\t\t\t\t\t\t\t\t\t\t<\/div><!--\/post-header-->\n\t\t\t\t\t\t<div class=\"excerpt\"><p>Prezydent podpisa\u0142 ustaw\u0119\u00a0o u\u0142atwieniach w przygotowaniu i realizacji inwestycji mieszkaniowych oraz inwestycji towarzysz\u0105cych tzw. specustaw\u0119 mieszkaniow\u0105. Z\u00a0perspektywy inwestor\u00f3w interesuj\u0105ce jest wprowadzenie przez ustaw\u0119\u00a0standard\u00f3w urbanistycznych m.in. inwestycja musi mie\u0107 bezpo\u015bredni dost\u0119p do drogi publicznej, szeroko\u015b\u0107 drogi wewn\u0119trznej nie mo\u017ce by\u0107 mniejsza ni\u017c 6 m, inwestycja musi znajdowa\u0107 si\u0119 w odleg\u0142o\u015bci nie&#8230;<\/p>\n<\/div><a class=\"more-link\" href=\"https:\/\/dmp-legal.pl\/en\/2018\/08\/03\/specustwa-mieszkaniowa-podpisana\/\"><span class=\"continue-reading\">Czytaj wi\u0119cej<\/span><\/a>\t\t\t\t\t\t\t\n\t\t\t\t\t\t<\/div><!--article-content-wrap-->\n\n\t\t\t\t\t\t\t\t\t\t\n\t\t\t\t   \n\t\t\t\t\t\t\t\t\t\t\n\t\t\t\t\t\t\t\t\t\t\t\n\t\t\t\t<\/div><!--\/content-inner-->\n\n\t\t\t\t\t\t\n\t\t<\/div><!--\/post-content-->\n\n\t<\/div><!--\/inner-wrap-->\n\t\t\n<\/article><!--\/article-->\r\n\t\t\t\t\t\t\t\r\n\t\t\t\t\n<article id=\"post-9333\" class=\"regular post-9333 post type-post status-publish format-standard hentry category-uncategorized\">\n\n\t<div class=\"inner-wrap animated\">\n\n\t\t<div class=\"post-content\">\n\t\t\t\n\t\t\t\t\t\t\t\n\t\t\t\t\t\t\t\t\n\t\t\t\t\t\t\t\t\t\n\t\t\t\t<div class=\"post-meta no-img\">\n\n\t\t\t\t\t\n\t\t\t\t\t<div class=\"date\">\n\t\t\t\t\t\t\n\t\t\t\t\t\t\t\t<span class=\"month\">Jul<\/span>\n\t\t\t\t\t\t\t\t<span class=\"day\">24<\/span>\n\t\t\t\t\t\t\t\t<span class=\"year\">2018<\/span>\t\t\t\t\t\t\n\t\t\t\t\t<\/div><!--\/date-->\n\t\t\t\t\t\n\t\t\t\t\t\n\t\t\t\t\t \n\n\t\t\t\t\t\t\t\t\t\t\n\t\t\t\t\t <\/div><!--\/post-meta-->\n\t\t\t\t\t \n\t\t\t\t\t\t\t\t\n\t\t\t\t\t\t\n\t\t\t\n\n\t\t\t\n\t\t\t\t<div class=\"content-inner\">\n\t\t\t\t\t\n\t\t\t\t\t\t\t\t\t\t\n\t\t\t\t\t\t\t\t\t\t\t\n\t\t\t\t\t\t\n\t\t\t\t\t\t\t\n\t\t\t\t\t\t\n\t\t\t\t\t\t<div class=\"article-content-wrap\">\n\t\t\t\t\t\t\t\n\t\t\t\t\t\t\t\t\t\t\t\t\t\t\t\t\t\t\n\t\t\t\t\t\t\t<div class=\"post-header\">\n\t\t\t\t\t\t\t\t\t\n\t\t\t\t\t\t\t\t<h2 class=\"title\">\n\t\t\t\t\t\t\t\t\t \n\t\t\t\t\t\t\t\t\t\t<a href=\"https:\/\/dmp-legal.pl\/en\/2018\/07\/24\/czy-wypowiadac-umowy-o-prace-na-czas-okreslony\/\">\t\t\t\t\t\t\t\t\t\t\tCZY WYPOWIADA\u0106 UMOWY O PRAC\u0118 NA CZAS OKRE\u015aLONY?\t\t\t\t\t\t\t\t\t\t <\/a> \n\t\t\t\t\t\t\t\t\t\t\t\t\t\t\t\t\t<\/h2>\n\n\t\t\t\t\t\t\t\t \n\n\t\t\t\t\t\t\t\t\n\t\t\t\t\t\t\t\t\t\n\t\t\t\t\t\t\t\t\t\t\t\t\t\t\t<\/div><!--\/post-header-->\n\t\t\t\t\t\t<div class=\"excerpt\"><p>Nowelizacja Kodeksu Pracy z dnia 22 lutego 2016 r. wprowadzi\u0142a zmiany w prawie pracy w zakresie um\u00f3w o prac\u0119 zawartych na czas okre\u015blony. Okres zatrudnienia na podstawie umowy o prac\u0119 na czas okre\u015blony, a tak\u017ce \u0142\u0105czny okres zatrudnienia na podstawie um\u00f3w o prac\u0119 na czas okre\u015blony zawieranych mi\u0119dzy tymi samymi&#8230;<\/p>\n<\/div><a class=\"more-link\" href=\"https:\/\/dmp-legal.pl\/en\/2018\/07\/24\/czy-wypowiadac-umowy-o-prace-na-czas-okreslony\/\"><span class=\"continue-reading\">Czytaj wi\u0119cej<\/span><\/a>\t\t\t\t\t\t\t\n\t\t\t\t\t\t<\/div><!--article-content-wrap-->\n\n\t\t\t\t\t\t\t\t\t\t\n\t\t\t\t   \n\t\t\t\t\t\t\t\t\t\t\n\t\t\t\t\t\t\t\t\t\t\t\n\t\t\t\t<\/div><!--\/content-inner-->\n\n\t\t\t\t\t\t\n\t\t<\/div><!--\/post-content-->\n\n\t<\/div><!--\/inner-wrap-->\n\t\t\n<\/article><!--\/article-->\r\n\t\t\t\t\t\t\t\r\n\t\t\t\t\n<article id=\"post-9010\" class=\"regular post-9010 post type-post status-publish format-standard hentry category-uncategorized\">\n\n\t<div class=\"inner-wrap animated\">\n\n\t\t<div class=\"post-content\">\n\t\t\t\n\t\t\t\t\t\t\t\n\t\t\t\t\t\t\t\t\n\t\t\t\t\t\t\t\t\t\n\t\t\t\t<div class=\"post-meta no-img\">\n\n\t\t\t\t\t\n\t\t\t\t\t<div class=\"date\">\n\t\t\t\t\t\t\n\t\t\t\t\t\t\t\t<span class=\"month\">Apr<\/span>\n\t\t\t\t\t\t\t\t<span class=\"day\">11<\/span>\n\t\t\t\t\t\t\t\t<span class=\"year\">2018<\/span>\t\t\t\t\t\t\n\t\t\t\t\t<\/div><!--\/date-->\n\t\t\t\t\t\n\t\t\t\t\t\n\t\t\t\t\t \n\n\t\t\t\t\t\t\t\t\t\t\n\t\t\t\t\t <\/div><!--\/post-meta-->\n\t\t\t\t\t \n\t\t\t\t\t\t\t\t\n\t\t\t\t\t\t\n\t\t\t\n\n\t\t\t\n\t\t\t\t<div class=\"content-inner\">\n\t\t\t\t\t\n\t\t\t\t\t\t\t\t\t\t\n\t\t\t\t\t\t\t\t\t\t\t\n\t\t\t\t\t\t\n\t\t\t\t\t\t\t\n\t\t\t\t\t\t\n\t\t\t\t\t\t<div class=\"article-content-wrap\">\n\t\t\t\t\t\t\t\n\t\t\t\t\t\t\t\t\t\t\t\t\t\t\t\t\t\t\n\t\t\t\t\t\t\t<div class=\"post-header\">\n\t\t\t\t\t\t\t\t\t\n\t\t\t\t\t\t\t\t<h2 class=\"title\">\n\t\t\t\t\t\t\t\t\t \n\t\t\t\t\t\t\t\t\t\t<a href=\"https:\/\/dmp-legal.pl\/en\/2018\/04\/11\/ida-zmiany-podatku-nieruchomosci-komercyjnych\/\">\t\t\t\t\t\t\t\t\t\t\tID\u0104 ZMIANY W PODATKU OD NIERUCHOMO\u015aCI KOMERCYJNYCH\t\t\t\t\t\t\t\t\t\t <\/a> \n\t\t\t\t\t\t\t\t\t\t\t\t\t\t\t\t\t<\/h2>\n\n\t\t\t\t\t\t\t\t \n\n\t\t\t\t\t\t\t\t\n\t\t\t\t\t\t\t\t\t\n\t\t\t\t\t\t\t\t\t\t\t\t\t\t\t<\/div><!--\/post-header-->\n\t\t\t\t\t\t<div class=\"excerpt\"><p>Ministerstwo Finans\u00f3w poinformowa\u0142o o planowanych zmianach w podatku od nieruchomo\u015bci komercyjnych (tzw. podatek minimalny). Opodatkowane minimalnym\u00a0podatkiem\u00a0dochodowym maj\u0105 by\u0107 tylko te budynki (ich cz\u0119\u015bci), kt\u00f3re s\u0105 oddane do odp\u0142atnego u\u017cywania na podstawie umowy najmu, dzier\u017cawy, leasingu itp. Budynki niewynaj\u0119te (lub ich cz\u0119\u015bci) nie b\u0119d\u0105 podlega\u0107 opodatkowaniu. Zasada ta mia\u0142aby te\u017c zastosowanie&#8230;<\/p>\n<\/div><a class=\"more-link\" href=\"https:\/\/dmp-legal.pl\/en\/2018\/04\/11\/ida-zmiany-podatku-nieruchomosci-komercyjnych\/\"><span class=\"continue-reading\">Czytaj wi\u0119cej<\/span><\/a>\t\t\t\t\t\t\t\n\t\t\t\t\t\t<\/div><!--article-content-wrap-->\n\n\t\t\t\t\t\t\t\t\t\t\n\t\t\t\t   \n\t\t\t\t\t\t\t\t\t\t\n\t\t\t\t\t\t\t\t\t\t\t\n\t\t\t\t<\/div><!--\/content-inner-->\n\n\t\t\t\t\t\t\n\t\t<\/div><!--\/post-content-->\n\n\t<\/div><!--\/inner-wrap-->\n\t\t\n<\/article><!--\/article-->\r\n\t\t\t\t\t\t\r\n\t\t\t<\/div><!--\/posts container-->\r\n\t\t\t\r\n\t\t\t<div id=\"pagination\" data-is-text=\"All items loaded\"><span aria-current=\"page\" class=\"page-numbers current\">1<\/span>\n<a class=\"page-numbers\" href=\"https:\/\/dmp-legal.pl\/en\/wp-json\/wp\/v2\/pages\/6231\/page\/2\/\">2<\/a>\n<a class=\"page-numbers\" href=\"https:\/\/dmp-legal.pl\/en\/wp-json\/wp\/v2\/pages\/6231\/page\/3\/\">3<\/a>\n<span class=\"page-numbers dots\">&hellip;<\/span>\n<a class=\"page-numbers\" href=\"https:\/\/dmp-legal.pl\/en\/wp-json\/wp\/v2\/pages\/6231\/page\/5\/\">5<\/a>\n<a class=\"next page-numbers\" href=\"https:\/\/dmp-legal.pl\/en\/wp-json\/wp\/v2\/pages\/6231\/page\/2\/\">Next &raquo;<\/a><\/div>\t\t\r\n\t\t<\/div><!--\/span_9-->\r\n\t\t\r\n\t\t\r\n\t<\/div>\r\n\t\r\n\t[\/vc_column][\/vc_row]\n","protected":false},"excerpt":{"rendered":"<p>[vc_row type=&#8221;in_container&#8221; full_screen_row_position=&#8221;middle&#8221; scene_position=&#8221;center&#8221; text_color=&#8221;dark&#8221; text_align=&#8221;left&#8221; overlay_strength=&#8221;0.3&#8243; shape_divider_position=&#8221;bottom&#8221;][vc_column column_padding=&#8221;no-extra-padding&#8221; column_padding_position=&#8221;all&#8221; background_color_opacity=&#8221;1&#8243; background_hover_color_opacity=&#8221;1&#8243; column_shadow=&#8221;none&#8221; column_border_radius=&#8221;none&#8221; width=&#8221;1\/1&#8243; tablet_text_alignment=&#8221;default&#8221; phone_text_alignment=&#8221;default&#8221; column_border_width=&#8221;none&#8221; column_border_style=&#8221;solid&#8221;][\/vc_column][\/vc_row]<\/p>\n","protected":false},"author":1,"featured_media":0,"parent":0,"menu_order":0,"comment_status":"closed","ping_status":"closed","template":"","meta":{"footnotes":""},"class_list":["post-6231","page","type-page","status-publish","hentry"],"yoast_head":"<!-- This site is optimized with the Yoast SEO plugin v25.6 - https:\/\/yoast.com\/wordpress\/plugins\/seo\/ -->\n<title>Aktualno\u015bci - DMP-LEGAL<\/title>\n<meta name=\"robots\" content=\"index, follow, max-snippet:-1, max-image-preview:large, max-video-preview:-1\" \/>\n<link rel=\"canonical\" href=\"https:\/\/dmp-legal.pl\/news\/\" \/>\n<meta property=\"og:locale\" content=\"en_US\" \/>\n<meta property=\"og:type\" content=\"article\" \/>\n<meta property=\"og:title\" content=\"Aktualno\u015bci - DMP-LEGAL\" \/>\n<meta property=\"og:description\" content=\"[vc_row type=&#8221;in_container&#8221; full_screen_row_position=&#8221;middle&#8221; scene_position=&#8221;center&#8221; text_color=&#8221;dark&#8221; text_align=&#8221;left&#8221; overlay_strength=&#8221;0.3&#8243; shape_divider_position=&#8221;bottom&#8221;][vc_column column_padding=&#8221;no-extra-padding&#8221; column_padding_position=&#8221;all&#8221; background_color_opacity=&#8221;1&#8243; background_hover_color_opacity=&#8221;1&#8243; column_shadow=&#8221;none&#8221; column_border_radius=&#8221;none&#8221; width=&#8221;1\/1&#8243; tablet_text_alignment=&#8221;default&#8221; phone_text_alignment=&#8221;default&#8221; column_border_width=&#8221;none&#8221; column_border_style=&#8221;solid&#8221;][\/vc_column][\/vc_row]\" \/>\n<meta property=\"og:url\" content=\"https:\/\/dmp-legal.pl\/news\/\" \/>\n<meta property=\"og:site_name\" content=\"DMP-LEGAL\" \/>\n<meta property=\"article:modified_time\" content=\"2018-04-20T06:44:53+00:00\" \/>\n<meta name=\"twitter:card\" content=\"summary_large_image\" \/>\n<meta name=\"twitter:label1\" content=\"Est. reading time\" \/>\n\t<meta name=\"twitter:data1\" content=\"1 minute\" \/>\n<script type=\"application\/ld+json\" class=\"yoast-schema-graph\">{\"@context\":\"https:\/\/schema.org\",\"@graph\":[{\"@type\":\"WebPage\",\"@id\":\"https:\/\/dmp-legal.pl\/news\/\",\"url\":\"https:\/\/dmp-legal.pl\/news\/\",\"name\":\"Aktualno\u015bci - DMP-LEGAL\",\"isPartOf\":{\"@id\":\"http:\/\/dmp-legal.pl\/#website\"},\"datePublished\":\"2017-02-07T15:22:36+00:00\",\"dateModified\":\"2018-04-20T06:44:53+00:00\",\"breadcrumb\":{\"@id\":\"https:\/\/dmp-legal.pl\/news\/#breadcrumb\"},\"inLanguage\":\"en-US\",\"potentialAction\":[{\"@type\":\"ReadAction\",\"target\":[\"https:\/\/dmp-legal.pl\/news\/\"]}]},{\"@type\":\"BreadcrumbList\",\"@id\":\"https:\/\/dmp-legal.pl\/news\/#breadcrumb\",\"itemListElement\":[{\"@type\":\"ListItem\",\"position\":1,\"name\":\"Strona g\u0142\u00f3wna\",\"item\":\"http:\/\/dmp-legal.pl\/\"},{\"@type\":\"ListItem\",\"position\":2,\"name\":\"Aktualno\u015bci\"}]},{\"@type\":\"WebSite\",\"@id\":\"http:\/\/dmp-legal.pl\/#website\",\"url\":\"http:\/\/dmp-legal.pl\/\",\"name\":\"DMP-LEGAL\",\"description\":\"Dobrowolska Mazur Pasternak s.c. radc\u00f3w prawnych\",\"potentialAction\":[{\"@type\":\"SearchAction\",\"target\":{\"@type\":\"EntryPoint\",\"urlTemplate\":\"http:\/\/dmp-legal.pl\/?s={search_term_string}\"},\"query-input\":{\"@type\":\"PropertyValueSpecification\",\"valueRequired\":true,\"valueName\":\"search_term_string\"}}],\"inLanguage\":\"en-US\"}]}<\/script>\n<!-- \/ Yoast SEO plugin. -->","yoast_head_json":{"title":"Aktualno\u015bci - DMP-LEGAL","robots":{"index":"index","follow":"follow","max-snippet":"max-snippet:-1","max-image-preview":"max-image-preview:large","max-video-preview":"max-video-preview:-1"},"canonical":"https:\/\/dmp-legal.pl\/news\/","og_locale":"en_US","og_type":"article","og_title":"Aktualno\u015bci - DMP-LEGAL","og_description":"[vc_row type=&#8221;in_container&#8221; full_screen_row_position=&#8221;middle&#8221; scene_position=&#8221;center&#8221; text_color=&#8221;dark&#8221; text_align=&#8221;left&#8221; overlay_strength=&#8221;0.3&#8243; shape_divider_position=&#8221;bottom&#8221;][vc_column column_padding=&#8221;no-extra-padding&#8221; column_padding_position=&#8221;all&#8221; background_color_opacity=&#8221;1&#8243; background_hover_color_opacity=&#8221;1&#8243; column_shadow=&#8221;none&#8221; column_border_radius=&#8221;none&#8221; width=&#8221;1\/1&#8243; tablet_text_alignment=&#8221;default&#8221; phone_text_alignment=&#8221;default&#8221; column_border_width=&#8221;none&#8221; column_border_style=&#8221;solid&#8221;][\/vc_column][\/vc_row]","og_url":"https:\/\/dmp-legal.pl\/news\/","og_site_name":"DMP-LEGAL","article_modified_time":"2018-04-20T06:44:53+00:00","twitter_card":"summary_large_image","twitter_misc":{"Est. reading time":"1 minute"},"schema":{"@context":"https:\/\/schema.org","@graph":[{"@type":"WebPage","@id":"https:\/\/dmp-legal.pl\/news\/","url":"https:\/\/dmp-legal.pl\/news\/","name":"Aktualno\u015bci - DMP-LEGAL","isPartOf":{"@id":"http:\/\/dmp-legal.pl\/#website"},"datePublished":"2017-02-07T15:22:36+00:00","dateModified":"2018-04-20T06:44:53+00:00","breadcrumb":{"@id":"https:\/\/dmp-legal.pl\/news\/#breadcrumb"},"inLanguage":"en-US","potentialAction":[{"@type":"ReadAction","target":["https:\/\/dmp-legal.pl\/news\/"]}]},{"@type":"BreadcrumbList","@id":"https:\/\/dmp-legal.pl\/news\/#breadcrumb","itemListElement":[{"@type":"ListItem","position":1,"name":"Strona g\u0142\u00f3wna","item":"http:\/\/dmp-legal.pl\/"},{"@type":"ListItem","position":2,"name":"Aktualno\u015bci"}]},{"@type":"WebSite","@id":"http:\/\/dmp-legal.pl\/#website","url":"http:\/\/dmp-legal.pl\/","name":"DMP-LEGAL","description":"Dobrowolska Mazur Pasternak s.c. radc\u00f3w prawnych","potentialAction":[{"@type":"SearchAction","target":{"@type":"EntryPoint","urlTemplate":"http:\/\/dmp-legal.pl\/?s={search_term_string}"},"query-input":{"@type":"PropertyValueSpecification","valueRequired":true,"valueName":"search_term_string"}}],"inLanguage":"en-US"}]}},"_links":{"self":[{"href":"https:\/\/dmp-legal.pl\/en\/wp-json\/wp\/v2\/pages\/6231"}],"collection":[{"href":"https:\/\/dmp-legal.pl\/en\/wp-json\/wp\/v2\/pages"}],"about":[{"href":"https:\/\/dmp-legal.pl\/en\/wp-json\/wp\/v2\/types\/page"}],"author":[{"embeddable":true,"href":"https:\/\/dmp-legal.pl\/en\/wp-json\/wp\/v2\/users\/1"}],"replies":[{"embeddable":true,"href":"https:\/\/dmp-legal.pl\/en\/wp-json\/wp\/v2\/comments?post=6231"}],"version-history":[{"count":53,"href":"https:\/\/dmp-legal.pl\/en\/wp-json\/wp\/v2\/pages\/6231\/revisions"}],"predecessor-version":[{"id":9086,"href":"https:\/\/dmp-legal.pl\/en\/wp-json\/wp\/v2\/pages\/6231\/revisions\/9086"}],"wp:attachment":[{"href":"https:\/\/dmp-legal.pl\/en\/wp-json\/wp\/v2\/media?parent=6231"}],"curies":[{"name":"wp","href":"https:\/\/api.w.org\/{rel}","templated":true}]}}